{"id":1068,"date":"2025-01-02T22:23:09","date_gmt":"2025-01-02T22:23:09","guid":{"rendered":"https:\/\/gite-sainte-baume.fr\/?page_id=1068"},"modified":"2025-03-19T17:07:40","modified_gmt":"2025-03-19T17:07:40","slug":"mentions-legales","status":"publish","type":"page","link":"https:\/\/gite-sainte-baume.fr\/en\/mentions-legales\/","title":{"rendered":"Legal notices"},"content":{"rendered":"<div data-elementor-type=\"wp-page\" data-elementor-id=\"1068\" class=\"elementor elementor-1068\" data-elementor-post-type=\"page\">\n\t\t\t\t<div class=\"elementor-element elementor-element-51ab4ec e-flex e-con-boxed e-con e-parent\" data-id=\"51ab4ec\" data-element_type=\"container\" data-e-type=\"container\">\n\t\t\t\t\t<div class=\"e-con-inner\">\n\t\t\t\t<div class=\"elementor-element elementor-element-3c2617c elementor-widget elementor-widget-icon-box\" data-id=\"3c2617c\" data-element_type=\"widget\" data-e-type=\"widget\" data-widget_type=\"icon-box.default\">\n\t\t\t\t<div class=\"elementor-widget-container\">\n\t\t\t\t\t\t\t<div class=\"elementor-icon-box-wrapper\">\n\n\t\t\t\n\t\t\t\t\t\t<div class=\"elementor-icon-box-content\">\n\n\t\t\t\t\t\t\t\t\t<h3 class=\"elementor-icon-box-title\">\n\t\t\t\t\t\t<span  >\n\t\t\t\t\t\t\tBienvenue sur le site G\u00eete Sainte Baume\t\t\t\t\t\t<\/span>\n\t\t\t\t\t<\/h3>\n\t\t\t\t\n\t\t\t\t\t\t\t\t\t<p class=\"elementor-icon-box-description\">\n\t\t\t\t\t\t\nConform\u00e9ment \u00e0 la l\u00e9gislation en vigueur, cette page a pour objectif de vous fournir toutes les informations l\u00e9gales relatives \u00e0 l\u2019\u00e9diteur, l\u2019h\u00e9bergement, ainsi que les conditions g\u00e9n\u00e9rales d\u2019utilisation de ce site.\nNous vous invitons \u00e0 lire attentivement ces mentions l\u00e9gales afin de mieux comprendre vos droits et responsabilit\u00e9s en tant qu\u2019utilisateur.\n\nEn cas de questions ou de demandes suppl\u00e9mentaires, vous pouvez nous contacter via les moyens indiqu\u00e9s ci-dessous.\t\t\t\t\t<\/p>\n\t\t\t\t\n\t\t\t<\/div>\n\t\t\t\n\t\t<\/div>\n\t\t\t\t\t\t<\/div>\n\t\t\t\t<\/div>\n\t\t\t\t\t<\/div>\n\t\t\t\t<\/div>\n\t\t<div class=\"elementor-element elementor-element-b9f96e6 e-flex e-con-boxed e-con e-parent\" data-id=\"b9f96e6\" data-element_type=\"container\" data-e-type=\"container\">\n\t\t\t\t\t<div class=\"e-con-inner\">\n\t\t\t\t<div class=\"elementor-element elementor-element-cab3146 elementor-widget elementor-widget-heading\" data-id=\"cab3146\" data-element_type=\"widget\" data-e-type=\"widget\" data-widget_type=\"heading.default\">\n\t\t\t\t<div class=\"elementor-widget-container\">\n\t\t\t\t\t<h2 class=\"elementor-heading-title elementor-size-default\">1- \u00c9dition du site<\/h2>\t\t\t\t<\/div>\n\t\t\t\t<\/div>\n\t\t\t\t<div class=\"elementor-element elementor-element-d10e27b elementor-widget elementor-widget-text-editor\" data-id=\"d10e27b\" data-element_type=\"widget\" data-e-type=\"widget\" data-widget_type=\"text-editor.default\">\n\t\t\t\t<div class=\"elementor-widget-container\">\n\t\t\t\t\t\t\t\t\t<p>En vertu de\u00a0<strong><a href=\"https:\/\/www.legifrance.gouv.fr\/\">l&rsquo;article 6 de la loi n\u00b0 2004-575 du 21 juin <\/a><a href=\"https:\/\/www.legifrance.gouv.fr\/\">2004\u00a0<\/a><\/strong>pour la confiance dans l&rsquo;\u00e9conomie num\u00e9rique, il est pr\u00e9cis\u00e9 aux utilisateurs du site internet\u00a0<a href=\"https:\/\/gite-sainte-baume.fr\/en\/\"><strong>https:\/\/gite-sainte-baume.fr<\/strong> <\/a>l&rsquo;identit\u00e9 des diff\u00e9rents intervenants dans le cadre de sa r\u00e9alisation et de son suivi.<\/p><p><span style=\"text-decoration: underline;\"><strong>Propri\u00e9taire du site :<\/strong><\/span><\/p><p>Gite Sainte Baume &#8211; SIERRA Emmanuel | Contact: <strong><a href=\"mailto:gitesaintebaume@gmail.com\">gitesaintebaume@gmail.com<\/a> <\/strong>| Adresse : 71 ch de la Peyri\u00e8re, 83640 Plan d&rsquo;Aups &#8211; France.<\/p><p><span style=\"text-decoration: underline;\"><strong>Identification de l&rsquo;entreprise :<\/strong><\/span><\/p><p>G\u00eete Sainte Baume &#8211; SIERRA Emmanuel | SIREN : XXXXXXX | RCS Draguignan | Adresse postale : 71 ch de la Peyri\u00e8re, 83640 Plan d&rsquo;Aups &#8211; France | Condition G\u00e9n\u00e9rale de vente: <a href=\"https:\/\/gite-sainte-baume.fr\/en\/cgv\/\"><strong>https:\/\/gite-sainte-baume.fr\/cgv<\/strong><\/a><\/p><p><span style=\"text-decoration: underline;\"><strong>Directeur de la publication :\u00a0<\/strong><\/span><\/p><p>G\u00eete Sainte Baume| Contact : 06.76.08.61.84<\/p><p><span style=\"text-decoration: underline;\"><strong>H\u00e9bergeur :<\/strong><\/span><\/p><p>HOSTINGER INTERNATIONAL LTD, 61 Lordou Vironos Street, 6023 Larnaca, Chypre | Contact :\u00a0<a href=\"https:\/\/www.hostinger.fr\/contact\/\"><strong>https:\/\/www.hostinger.fr<\/strong><\/a><\/p><p><span style=\"text-decoration: underline;\"><strong>D\u00e9l\u00e9gu\u00e9 \u00e0 la protection des donn\u00e9es :<\/strong><\/span>\u00a0<\/p><p>C\u00e9weB\u00a0| contact\u00a0:\u00a0<a href=\"mailto:ceweb83@hotmail.com\"><strong>ceweb83@hotmail.com<\/strong><\/a><\/p>\t\t\t\t\t\t\t\t<\/div>\n\t\t\t\t<\/div>\n\t\t\t\t\t<\/div>\n\t\t\t\t<\/div>\n\t\t<div class=\"elementor-element elementor-element-3a195b4 e-flex e-con-boxed e-con e-parent\" data-id=\"3a195b4\" data-element_type=\"container\" data-e-type=\"container\">\n\t\t\t\t\t<div class=\"e-con-inner\">\n\t\t\t\t<div class=\"elementor-element elementor-element-065a319 elementor-widget elementor-widget-heading\" data-id=\"065a319\" data-element_type=\"widget\" data-e-type=\"widget\" data-widget_type=\"heading.default\">\n\t\t\t\t<div class=\"elementor-widget-container\">\n\t\t\t\t\t<h2 class=\"elementor-heading-title elementor-size-default\">2- Propri\u00e9t\u00e9 intellectuelles et contrefa\u00e7ons<\/h2>\t\t\t\t<\/div>\n\t\t\t\t<\/div>\n\t\t\t\t<div class=\"elementor-element elementor-element-2e4b310 elementor-widget elementor-widget-text-editor\" data-id=\"2e4b310\" data-element_type=\"widget\" data-e-type=\"widget\" data-widget_type=\"text-editor.default\">\n\t\t\t\t<div class=\"elementor-widget-container\">\n\t\t\t\t\t\t\t\t\t<p><strong>G\u00eete Sainte Baume <\/strong>est propri\u00e9taire des droits de propri\u00e9t\u00e9 intellectuelle et d\u00e9tient les droits d\u2019usage sur tous les \u00e9l\u00e9ments accessibles sur le site internet, notamment les textes, images, graphismes, logos, vid\u00e9os, architecture, ic\u00f4nes et sons.<\/p><p>Toute reproduction, repr\u00e9sentation, modification, publication, adaptation de tout ou partie des \u00e9l\u00e9ments du site, quel que soit le moyen ou le proc\u00e9d\u00e9 utilis\u00e9, est interdite, sauf autorisation \u00e9crite pr\u00e9alable de <strong>G\u00eete Sainte Baume.<\/strong><\/p><p>Toute exploitation non autoris\u00e9e du site ou de l\u2019un quelconque des \u00e9l\u00e9ments qu\u2019il contient sera consid\u00e9r\u00e9e comme constitutive d\u2019une contrefa\u00e7on et poursuivie conform\u00e9ment aux dispositions des articles\u00a0<strong><a href=\"https:\/\/www.legifrance.gouv.fr\/\">L.335-2 et suivants du Code de Propri\u00e9t\u00e9 Intellectuelle<\/a><\/strong><\/p>\t\t\t\t\t\t\t\t<\/div>\n\t\t\t\t<\/div>\n\t\t\t\t\t<\/div>\n\t\t\t\t<\/div>\n\t\t<div class=\"elementor-element elementor-element-398db3f e-flex e-con-boxed e-con e-parent\" data-id=\"398db3f\" data-element_type=\"container\" data-e-type=\"container\">\n\t\t\t\t\t<div class=\"e-con-inner\">\n\t\t\t\t<div class=\"elementor-element elementor-element-e68d2c6 elementor-widget elementor-widget-heading\" data-id=\"e68d2c6\" data-element_type=\"widget\" data-e-type=\"widget\" data-widget_type=\"heading.default\">\n\t\t\t\t<div class=\"elementor-widget-container\">\n\t\t\t\t\t<h2 class=\"elementor-heading-title elementor-size-default\">3-Limitation de responsabilit\u00e9<\/h2>\t\t\t\t<\/div>\n\t\t\t\t<\/div>\n\t\t\t\t<div class=\"elementor-element elementor-element-9e5037a elementor-widget elementor-widget-text-editor\" data-id=\"9e5037a\" data-element_type=\"widget\" data-e-type=\"widget\" data-widget_type=\"text-editor.default\">\n\t\t\t\t<div class=\"elementor-widget-container\">\n\t\t\t\t\t\t\t\t\t<p><strong>G\u00eete Sainte Baume <\/strong>ne pourra \u00eatre tenu pour responsable des dommages directs et indirects caus\u00e9s au mat\u00e9riel de l\u2019utilisateur, lors de l\u2019acc\u00e8s au site\u00a0<a href=\"https:\/\/gite-sainte-baume.fr\/en\/\"><strong>https:\/\/gite-sainte-baume.fr<\/strong><\/a><\/p><p><strong>G\u00eete Sainte Baume<\/strong>\u00a0d\u00e9cline toute responsabilit\u00e9 quant \u00e0 l\u2019utilisation qui pourrait \u00eatre faite des informations et contenus pr\u00e9sents sur <a href=\"https:\/\/gite-sainte-baume.fr\/en\/\"><strong>https:\/\/gite-sainte-baume.fr<\/strong><\/a><\/p><p><strong>G\u00eete Sainte Baume <\/strong>s\u2019engage \u00e0 s\u00e9curiser au mieux le site <a href=\"https:\/\/gite-sainte-baume.fr\/en\/\"><strong>https:\/\/gite-sainte-baume.fr<\/strong><\/a> cependant sa responsabilit\u00e9 ne pourra \u00eatre mise en cause si des donn\u00e9es ind\u00e9sirables sont import\u00e9es et install\u00e9es sur son site \u00e0 son insu.<\/p><p>Des espaces interactifs (espace contact ou commentaires) sont \u00e0 la disposition des utilisateurs.\u00a0<strong>G\u00eete Sainte Baume <\/strong>se r\u00e9serve le droit de supprimer, sans mise en demeure pr\u00e9alable, tout contenu d\u00e9pos\u00e9 dans cet espace qui contreviendrait \u00e0 la l\u00e9gislation applicable en France, en particulier aux dispositions relatives \u00e0 la protection des donn\u00e9es.<\/p><p>Le cas \u00e9ch\u00e9ant,\u00a0<strong>G\u00eete Sainte Baume <\/strong>se r\u00e9serve \u00e9galement la possibilit\u00e9 de mettre en cause la responsabilit\u00e9 civile et\/ou p\u00e9nale de l\u2019utilisateur, notamment en cas de message \u00e0 caract\u00e8re raciste, injurieux, diffamant, ou pornographique, quel que soit le support utilis\u00e9 (texte, photographie \u2026).<\/p>\t\t\t\t\t\t\t\t<\/div>\n\t\t\t\t<\/div>\n\t\t\t\t\t<\/div>\n\t\t\t\t<\/div>\n\t\t<div class=\"elementor-element elementor-element-80f8fe3 e-flex e-con-boxed e-con e-parent\" data-id=\"80f8fe3\" data-element_type=\"container\" data-e-type=\"container\">\n\t\t\t\t\t<div class=\"e-con-inner\">\n\t\t\t\t<div class=\"elementor-element elementor-element-75f1047 elementor-widget elementor-widget-heading\" data-id=\"75f1047\" data-element_type=\"widget\" data-e-type=\"widget\" data-widget_type=\"heading.default\">\n\t\t\t\t<div class=\"elementor-widget-container\">\n\t\t\t\t\t<h2 class=\"elementor-heading-title elementor-size-default\">4-CNIL et gestion des donn\u00e9es personnelles<\/h2>\t\t\t\t<\/div>\n\t\t\t\t<\/div>\n\t\t\t\t<div class=\"elementor-element elementor-element-d3437b4 elementor-widget elementor-widget-text-editor\" data-id=\"d3437b4\" data-element_type=\"widget\" data-e-type=\"widget\" data-widget_type=\"text-editor.default\">\n\t\t\t\t<div class=\"elementor-widget-container\">\n\t\t\t\t\t\t\t\t\t<p>Conform\u00e9ment aux dispositions de\u00a0<a href=\"https:\/\/www.legifrance.gouv.fr\/\"><strong>la loi 78-17 du 6 janvier 1978 modifi\u00e9e<\/strong><\/a>, l\u2019utilisateur du site <a href=\"https:\/\/gite-sainte-baume.fr\/en\/\"><strong>https:\/\/gite-sainte-baume.fr\u00a0<\/strong><\/a> dispose d\u2019un droit d\u2019acc\u00e8s, de modification et de suppression des informations collect\u00e9es. Pour exercer ce droit, envoyez un message \u00e0 notre D\u00e9l\u00e9gu\u00e9 \u00e0 la Protection des Donn\u00e9es :\u00a0<\/p><p>Mr BARBERO C\u00e9dric\u00a0mail: <a href=\"mailto:ceweb83@hotmail.com\"><strong>ceweb83@hotmail.com<\/strong><\/a><\/p><p>Pour plus d&rsquo;informations sur la fa\u00e7on dont nous traitons vos donn\u00e9es (type de donn\u00e9es, finalit\u00e9, destinataire&#8230;), lisez notre\u00a0politique de confidentialit\u00e9 \u00e0 l\u2019adresse suivante\u00a0: <a href=\"https:\/\/gite-sainte-baume.fr\/en\/politique-de-confidentialite\/\"><strong>https:\/\/gite-sainte-baume.fr\/politique-de-confidentialite<\/strong><\/a><\/p>\t\t\t\t\t\t\t\t<\/div>\n\t\t\t\t<\/div>\n\t\t\t\t\t<\/div>\n\t\t\t\t<\/div>\n\t\t<div class=\"elementor-element elementor-element-bb60a97 e-flex e-con-boxed e-con e-parent\" data-id=\"bb60a97\" data-element_type=\"container\" data-e-type=\"container\">\n\t\t\t\t\t<div class=\"e-con-inner\">\n\t\t\t\t<div class=\"elementor-element elementor-element-b4e50d9 elementor-widget elementor-widget-heading\" data-id=\"b4e50d9\" data-element_type=\"widget\" data-e-type=\"widget\" data-widget_type=\"heading.default\">\n\t\t\t\t<div class=\"elementor-widget-container\">\n\t\t\t\t\t<h2 class=\"elementor-heading-title elementor-size-default\">5-Liens hypertextes et cookies<\/h2>\t\t\t\t<\/div>\n\t\t\t\t<\/div>\n\t\t\t\t<div class=\"elementor-element elementor-element-ba402d7 elementor-widget elementor-widget-text-editor\" data-id=\"ba402d7\" data-element_type=\"widget\" data-e-type=\"widget\" data-widget_type=\"text-editor.default\">\n\t\t\t\t<div class=\"elementor-widget-container\">\n\t\t\t\t\t\t\t\t\t<p>Le site\u00a0<a href=\"https:\/\/gite-sainte-baume.fr\/en\/\"><strong>https:\/\/gite-sainte-baume.fr<\/strong><\/a>\u00a0contient des liens hypertextes vers d\u2019autres sites et d\u00e9gage toute responsabilit\u00e9 \u00e0 propos de ces liens externes ou des liens cr\u00e9\u00e9s par d\u2019autres sites vers\u00a0<a href=\"https:\/\/gite-sainte-baume.fr\/en\/\"><strong>https:\/\/gite-sainte-baume.fr.fr<\/strong><\/a><\/p><p>La navigation sur le site\u00a0<a href=\"https:\/\/ceweb83.fr\/\"><strong>https:\/\/gite-sainte-baume.fr<\/strong><\/a>\u00a0est susceptible de provoquer l\u2019installation de cookie(s) sur l\u2019ordinateur de l\u2019utilisateur.<\/p><p>Un \u00ab\u00a0cookie\u00a0\u00bb est un fichier de petite taille qui enregistre des informations relatives \u00e0 la navigation d\u2019un utilisateur sur un site. Les donn\u00e9es ainsi obtenues permettent d&rsquo;obtenir des mesures de fr\u00e9quentation, par exemple. Vous avez la possibilit\u00e9\u00a0<strong>d\u2019accepter ou de refuser les cookies<\/strong>\u00a0en modifiant les param\u00e8tres de votre navigateur. Aucun cookie ne sera d\u00e9pos\u00e9 sans votre consentement. Les cookies sont enregistr\u00e9s pour une dur\u00e9e maximale de\u00a06\u00a0mois.<\/p><p>Pour plus d&rsquo;informations sur la fa\u00e7on dont nous faisons usage des cookies, lisez notre politique de confidentialit\u00e9 \u00e0 l\u2019adresse suivante : <a href=\"https:\/\/gite-sainte-baume.fr\/en\/politique-de-confidentialite\/\"><strong>https:\/\/gite-sainte-baume.fr\/politique-confidentialit\u00e9\/<\/strong><\/a><\/p>\t\t\t\t\t\t\t\t<\/div>\n\t\t\t\t<\/div>\n\t\t\t\t\t<\/div>\n\t\t\t\t<\/div>\n\t\t<div class=\"elementor-element elementor-element-dfec72a e-flex e-con-boxed e-con e-parent\" data-id=\"dfec72a\" data-element_type=\"container\" data-e-type=\"container\">\n\t\t\t\t\t<div class=\"e-con-inner\">\n\t\t\t\t<div class=\"elementor-element elementor-element-5b6a582 elementor-widget elementor-widget-heading\" data-id=\"5b6a582\" data-element_type=\"widget\" data-e-type=\"widget\" data-widget_type=\"heading.default\">\n\t\t\t\t<div class=\"elementor-widget-container\">\n\t\t\t\t\t<h2 class=\"elementor-heading-title elementor-size-default\">6-Droits applicable et attribution de juridiction<\/h2>\t\t\t\t<\/div>\n\t\t\t\t<\/div>\n\t\t\t\t<div class=\"elementor-element elementor-element-cf0f76d elementor-widget elementor-widget-text-editor\" data-id=\"cf0f76d\" data-element_type=\"widget\" data-e-type=\"widget\" data-widget_type=\"text-editor.default\">\n\t\t\t\t<div class=\"elementor-widget-container\">\n\t\t\t\t\t\t\t\t\t<p>Tout litige en relation avec l\u2019utilisation du site <a href=\"https:\/\/gite-sainte-baume.fr\/en\/\"><b>https:\/\/gite-sainte-baume.fr<\/b><\/a>\u00a0est soumis au droit fran\u00e7ais. En dehors des cas o\u00f9 la loi ne le permet pas, il est fait attribution exclusive de juridiction aux tribunaux comp\u00e9tents de\u00a0<b>Draguignan.<\/b><\/p>\t\t\t\t\t\t\t\t<\/div>\n\t\t\t\t<\/div>\n\t\t\t\t\t<\/div>\n\t\t\t\t<\/div>\n\t\t<div class=\"elementor-element elementor-element-1dce597 e-flex e-con-boxed e-con e-parent\" data-id=\"1dce597\" data-element_type=\"container\" data-e-type=\"container\">\n\t\t\t\t\t<div class=\"e-con-inner\">\n\t\t\t\t<div class=\"elementor-element elementor-element-41259d1 elementor-align-center e-transform elementor-widget elementor-widget-button\" data-id=\"41259d1\" data-element_type=\"widget\" data-e-type=\"widget\" data-settings=\"{&quot;_transform_translateY_effect_hover&quot;:{&quot;unit&quot;:&quot;px&quot;,&quot;size&quot;:-10,&quot;sizes&quot;:[]},&quot;_transform_translateX_effect_hover&quot;:{&quot;unit&quot;:&quot;px&quot;,&quot;size&quot;:&quot;&quot;,&quot;sizes&quot;:[]},&quot;_transform_translateX_effect_hover_tablet&quot;:{&quot;unit&quot;:&quot;px&quot;,&quot;size&quot;:&quot;&quot;,&quot;sizes&quot;:[]},&quot;_transform_translateX_effect_hover_mobile&quot;:{&quot;unit&quot;:&quot;px&quot;,&quot;size&quot;:&quot;&quot;,&quot;sizes&quot;:[]},&quot;_transform_translateY_effect_hover_tablet&quot;:{&quot;unit&quot;:&quot;px&quot;,&quot;size&quot;:&quot;&quot;,&quot;sizes&quot;:[]},&quot;_transform_translateY_effect_hover_mobile&quot;:{&quot;unit&quot;:&quot;px&quot;,&quot;size&quot;:&quot;&quot;,&quot;sizes&quot;:[]}}\" data-widget_type=\"button.default\">\n\t\t\t\t<div class=\"elementor-widget-container\">\n\t\t\t\t\t\t\t\t\t<div class=\"elementor-button-wrapper\">\n\t\t\t\t\t<a class=\"elementor-button elementor-button-link elementor-size-sm\" href=\"https:\/\/gite-sainte-baume.fr\/en\/\">\n\t\t\t\t\t\t<span class=\"elementor-button-content-wrapper\">\n\t\t\t\t\t\t\t\t\t<span class=\"elementor-button-text\">retour \u00e0 l'accueil<\/span>\n\t\t\t\t\t<\/span>\n\t\t\t\t\t<\/a>\n\t\t\t\t<\/div>\n\t\t\t\t\t\t\t\t<\/div>\n\t\t\t\t<\/div>\n\t\t\t\t\t<\/div>\n\t\t\t\t<\/div>\n\t\t\t\t<\/div>","protected":false},"excerpt":{"rendered":"<p>Bienvenue sur le site G\u00eete Sainte Baume Conform\u00e9ment \u00e0 la l\u00e9gislation en vigueur, cette page a pour objectif de vous fournir toutes les informations l\u00e9gales relatives \u00e0 l\u2019\u00e9diteur, l\u2019h\u00e9bergement, ainsi que les conditions g\u00e9n\u00e9rales d\u2019utilisation de ce site. Nous vous invitons \u00e0 lire attentivement ces mentions l\u00e9gales afin de mieux comprendre vos droits et responsabilit\u00e9s [&hellip;]<\/p>\n","protected":false},"author":1,"featured_media":0,"parent":0,"menu_order":0,"comment_status":"closed","ping_status":"closed","template":"","meta":{"_seopress_robots_primary_cat":"","_seopress_titles_title":"","_seopress_titles_desc":"","_seopress_robots_index":"","footnotes":""},"class_list":["post-1068","page","type-page","status-publish","hentry"],"_links":{"self":[{"href":"https:\/\/gite-sainte-baume.fr\/en\/wp-json\/wp\/v2\/pages\/1068","targetHints":{"allow":["GET"]}}],"collection":[{"href":"https:\/\/gite-sainte-baume.fr\/en\/wp-json\/wp\/v2\/pages"}],"about":[{"href":"https:\/\/gite-sainte-baume.fr\/en\/wp-json\/wp\/v2\/types\/page"}],"author":[{"embeddable":true,"href":"https:\/\/gite-sainte-baume.fr\/en\/wp-json\/wp\/v2\/users\/1"}],"replies":[{"embeddable":true,"href":"https:\/\/gite-sainte-baume.fr\/en\/wp-json\/wp\/v2\/comments?post=1068"}],"version-history":[{"count":0,"href":"https:\/\/gite-sainte-baume.fr\/en\/wp-json\/wp\/v2\/pages\/1068\/revisions"}],"wp:attachment":[{"href":"https:\/\/gite-sainte-baume.fr\/en\/wp-json\/wp\/v2\/media?parent=1068"}],"curies":[{"name":"wp","href":"https:\/\/api.w.org\/{rel}","templated":true}]}}